{"id":792,"date":"2022-10-24T12:45:31","date_gmt":"2022-10-24T12:45:31","guid":{"rendered":"https:\/\/volcanpaineis.com.br\/?page_id=792"},"modified":"2025-06-05T01:57:10","modified_gmt":"2025-06-05T01:57:10","slug":"home","status":"publish","type":"page","link":"https:\/\/volcanpaineis.com.br\/","title":{"rendered":"Home"},"content":{"rendered":"\t\t<div data-elementor-type=\"wp-page\" data-elementor-id=\"792\" class=\"elementor elementor-792\">\n\t\t\t\t\t\t\t\t\t<section class=\"elementor-section elementor-top-section elementor-element elementor-element-67a44d5 elementor-section-full_width elementor-section-height-default elementor-section-height-default\" data-id=\"67a44d5\" data-element_type=\"section\" data-settings=\"{&quot;background_background&quot;:&quot;classic&quot;}\">\n\t\t\t\t\t\t<div class=\"elementor-container elementor-column-gap-default\">\n\t\t\t\t\t<div class=\"elementor-column elementor-col-100 elementor-top-column elementor-element elementor-element-015fe05\" data-id=\"015fe05\" data-element_type=\"column\">\n\t\t\t<div class=\"elementor-widget-wrap elementor-element-populated\">\n\t\t\t\t\t\t\t\t<section class=\"elementor-section elementor-inner-section elementor-element elementor-element-af16f91 elementor-section-boxed elementor-section-height-default elementor-section-height-default\" data-id=\"af16f91\" data-element_type=\"section\">\n\t\t\t\t\t\t<div class=\"elementor-container elementor-column-gap-default\">\n\t\t\t\t\t<div class=\"elementor-column elementor-col-50 elementor-inner-column elementor-element elementor-element-499a1b0\" data-id=\"499a1b0\" data-element_type=\"column\">\n\t\t\t<div class=\"elementor-widget-wrap elementor-element-populated\">\n\t\t\t\t\t\t\t\t<div class=\"elementor-element elementor-element-e7aadcc elementor-widget elementor-widget-heading\" data-id=\"e7aadcc\" data-element_type=\"widget\" data-widget_type=\"heading.default\">\n\t\t\t\t<div class=\"elementor-widget-container\">\n\t\t\t<style>\/*! elementor - v3.14.0 - 26-06-2023 *\/\n.elementor-heading-title{padding:0;margin:0;line-height:1}.elementor-widget-heading .elementor-heading-title[class*=elementor-size-]>a{color:inherit;font-size:inherit;line-height:inherit}.elementor-widget-heading .elementor-heading-title.elementor-size-small{font-size:15px}.elementor-widget-heading .elementor-heading-title.elementor-size-medium{font-size:19px}.elementor-widget-heading .elementor-heading-title.elementor-size-large{font-size:29px}.elementor-widget-heading .elementor-heading-title.elementor-size-xl{font-size:39px}.elementor-widget-heading .elementor-heading-title.elementor-size-xxl{font-size:59px}<\/style><h2 class=\"elementor-heading-title elementor-size-default\">Solu\u00e7\u00e3o em m\u00eddia externa<\/h2>\t\t<\/div>\n\t\t\t\t<\/div>\n\t\t\t\t<div class=\"elementor-element elementor-element-48e10ce elementor-widget elementor-widget-text-editor\" data-id=\"48e10ce\" data-element_type=\"widget\" data-widget_type=\"text-editor.default\">\n\t\t\t\t<div class=\"elementor-widget-container\">\n\t\t\t<style>\/*! elementor - v3.14.0 - 26-06-2023 *\/\n.elementor-widget-text-editor.elementor-drop-cap-view-stacked .elementor-drop-cap{background-color:#69727d;color:#fff}.elementor-widget-text-editor.elementor-drop-cap-view-framed .elementor-drop-cap{color:#69727d;border:3px solid;background-color:transparent}.elementor-widget-text-editor:not(.elementor-drop-cap-view-default) .elementor-drop-cap{margin-top:8px}.elementor-widget-text-editor:not(.elementor-drop-cap-view-default) .elementor-drop-cap-letter{width:1em;height:1em}.elementor-widget-text-editor .elementor-drop-cap{float:left;text-align:center;line-height:1;font-size:50px}.elementor-widget-text-editor .elementor-drop-cap-letter{display:inline-block}<\/style>\t\t\t\t<p>Somos parceiros das maiores exibidoras do Sul do pa\u00eds<\/p>\t\t\t\t\t\t<\/div>\n\t\t\t\t<\/div>\n\t\t\t\t<div class=\"elementor-element elementor-element-561da6c elementor-widget elementor-widget-button\" data-id=\"561da6c\" data-element_type=\"widget\" data-widget_type=\"button.default\">\n\t\t\t\t<div class=\"elementor-widget-container\">\n\t\t\t\t\t<div class=\"elementor-button-wrapper\">\n\t\t\t<a class=\"elementor-button elementor-button-link elementor-size-sm\" href=\"https:\/\/api.whatsapp.com\/send?1=pt_BR&#038;phone=5551985734768\">\n\t\t\t\t\t\t<span class=\"elementor-button-content-wrapper\">\n\t\t\t\t\t\t<span class=\"elementor-button-text\">FA\u00c7A A SUA COTA\u00c7\u00c3O<\/span>\n\t\t<\/span>\n\t\t\t\t\t<\/a>\n\t\t<\/div>\n\t\t\t\t<\/div>\n\t\t\t\t<\/div>\n\t\t\t\t\t<\/div>\n\t\t<\/div>\n\t\t\t\t<div class=\"elementor-column elementor-col-50 elementor-inner-column elementor-element elementor-element-d661e80\" data-id=\"d661e80\" data-element_type=\"column\">\n\t\t\t<div class=\"elementor-widget-wrap\">\n\t\t\t\t\t\t\t\t\t<\/div>\n\t\t<\/div>\n\t\t\t\t\t\t\t<\/div>\n\t\t<\/section>\n\t\t\t\t\t<\/div>\n\t\t<\/div>\n\t\t\t\t\t\t\t<\/div>\n\t\t<\/section>\n\t\t\t\t<section class=\"elementor-section elementor-top-section elementor-element elementor-element-b8820aa elementor-section-boxed elementor-section-height-default elementor-section-height-default\" data-id=\"b8820aa\" data-element_type=\"section\" data-settings=\"{&quot;background_background&quot;:&quot;classic&quot;}\">\n\t\t\t\t\t\t<div class=\"elementor-container elementor-column-gap-default\">\n\t\t\t\t\t<div class=\"elementor-column elementor-col-100 elementor-top-column elementor-element elementor-element-2069945\" data-id=\"2069945\" data-element_type=\"column\">\n\t\t\t<div class=\"elementor-widget-wrap elementor-element-populated\">\n\t\t\t\t\t\t\t\t<section class=\"elementor-section elementor-inner-section elementor-element elementor-element-13d422d elementor-section-boxed elementor-section-height-default elementor-section-height-default\" data-id=\"13d422d\" data-element_type=\"section\" id=\"quemsomos\" data-settings=\"{&quot;background_background&quot;:&quot;classic&quot;}\">\n\t\t\t\t\t\t<div class=\"elementor-container elementor-column-gap-default\">\n\t\t\t\t\t<div class=\"elementor-column elementor-col-50 elementor-inner-column elementor-element elementor-element-8b5771c\" data-id=\"8b5771c\" data-element_type=\"column\">\n\t\t\t<div class=\"elementor-widget-wrap elementor-element-populated\">\n\t\t\t\t\t\t\t\t<div class=\"elementor-element elementor-element-a214e38 elementor-widget elementor-widget-heading\" data-id=\"a214e38\" data-element_type=\"widget\" data-widget_type=\"heading.default\">\n\t\t\t\t<div class=\"elementor-widget-container\">\n\t\t\t<h2 class=\"elementor-heading-title elementor-size-default\">N\u00d3S ESTAMOS ONDE<\/h2>\t\t<\/div>\n\t\t\t\t<\/div>\n\t\t\t\t<div class=\"elementor-element elementor-element-4090354 elementor-widget elementor-widget-heading\" data-id=\"4090354\" data-element_type=\"widget\" data-widget_type=\"heading.default\">\n\t\t\t\t<div class=\"elementor-widget-container\">\n\t\t\t<h2 class=\"elementor-heading-title elementor-size-default\">O SEU CLIENTE EST\u00c1<\/h2>\t\t<\/div>\n\t\t\t\t<\/div>\n\t\t\t\t<div class=\"elementor-element elementor-element-8f5b187 elementor-widget elementor-widget-heading\" data-id=\"8f5b187\" data-element_type=\"widget\" data-widget_type=\"heading.default\">\n\t\t\t\t<div class=\"elementor-widget-container\">\n\t\t\t<h4 class=\"elementor-heading-title elementor-size-default\">N\u00d3S SOMOS A VOLCAN PAIN\u00c9IS<\/h4>\t\t<\/div>\n\t\t\t\t<\/div>\n\t\t\t\t\t<\/div>\n\t\t<\/div>\n\t\t\t\t<div class=\"elementor-column elementor-col-50 elementor-inner-column elementor-element elementor-element-9b79262\" data-id=\"9b79262\" data-element_type=\"column\">\n\t\t\t<div class=\"elementor-widget-wrap elementor-element-populated\">\n\t\t\t\t\t\t\t\t<div class=\"elementor-element elementor-element-cebf02a elementor-widget elementor-widget-text-editor\" data-id=\"cebf02a\" data-element_type=\"widget\" data-widget_type=\"text-editor.default\">\n\t\t\t\t<div class=\"elementor-widget-container\">\n\t\t\t\t\t\t\t<p>Nosso objetivo \u00e9 levar a marca dos nossos clientes mais longe. Possuimos mais de 20 anos de mercado de m\u00eddia externa e contamos com clientes em diversas partes do pa\u00eds.<\/p>\t\t\t\t\t\t<\/div>\n\t\t\t\t<\/div>\n\t\t\t\t\t<\/div>\n\t\t<\/div>\n\t\t\t\t\t\t\t<\/div>\n\t\t<\/section>\n\t\t\t\t\t<\/div>\n\t\t<\/div>\n\t\t\t\t\t\t\t<\/div>\n\t\t<\/section>\n\t\t\t\t<section class=\"elementor-section elementor-top-section elementor-element elementor-element-b9b7051 elementor-section-boxed elementor-section-height-default elementor-section-height-default\" data-id=\"b9b7051\" data-element_type=\"section\" id=\"canais\">\n\t\t\t\t\t\t<div class=\"elementor-container elementor-column-gap-default\">\n\t\t\t\t\t<div class=\"elementor-column elementor-col-100 elementor-top-column elementor-element elementor-element-f16bab0\" data-id=\"f16bab0\" data-element_type=\"column\">\n\t\t\t<div class=\"elementor-widget-wrap elementor-element-populated\">\n\t\t\t\t\t\t\t\t<div class=\"elementor-element elementor-element-1b8c762 elementor-widget elementor-widget-heading\" data-id=\"1b8c762\" data-element_type=\"widget\" data-widget_type=\"heading.default\">\n\t\t\t\t<div class=\"elementor-widget-container\">\n\t\t\t<h2 class=\"elementor-heading-title elementor-size-default\">CANAIS<\/h2>\t\t<\/div>\n\t\t\t\t<\/div>\n\t\t\t\t<div class=\"elementor-element elementor-element-cccd521 elementor-widget elementor-widget-heading\" data-id=\"cccd521\" data-element_type=\"widget\" data-widget_type=\"heading.default\">\n\t\t\t\t<div class=\"elementor-widget-container\">\n\t\t\t<h1 class=\"elementor-heading-title elementor-size-default\">FIXE A SUA MARCA <span style=\"color:#FF5300;\">.<\/span><\/h1>\t\t<\/div>\n\t\t\t\t<\/div>\n\t\t\t\t\t<\/div>\n\t\t<\/div>\n\t\t\t\t\t\t\t<\/div>\n\t\t<\/section>\n\t\t\t\t<section class=\"elementor-section elementor-top-section elementor-element elementor-element-150176c elementor-section-boxed elementor-section-height-default elementor-section-height-default\" data-id=\"150176c\" data-element_type=\"section\">\n\t\t\t\t\t\t<div class=\"elementor-container elementor-column-gap-default\">\n\t\t\t\t\t<div class=\"elementor-column elementor-col-33 elementor-top-column elementor-element elementor-element-664b051\" data-id=\"664b051\" data-element_type=\"column\" data-settings=\"{&quot;background_background&quot;:&quot;classic&quot;}\">\n\t\t\t<div class=\"elementor-widget-wrap elementor-element-populated\">\n\t\t\t\t\t\t\t\t<div class=\"elementor-element elementor-element-8e96f2a elementor-position-top elementor-view-default elementor-mobile-position-top elementor-vertical-align-top elementor-invisible elementor-widget elementor-widget-icon-box\" data-id=\"8e96f2a\" data-element_type=\"widget\" data-settings=\"{&quot;_animation&quot;:&quot;fadeInRight&quot;}\" data-widget_type=\"icon-box.default\">\n\t\t\t\t<div class=\"elementor-widget-container\">\n\t\t\t<link rel=\"stylesheet\" href=\"https:\/\/volcanpaineis.com.br\/wp-content\/plugins\/elementor\/assets\/css\/widget-icon-box.min.css\">\t\t<div class=\"elementor-icon-box-wrapper\">\n\t\t\t\t\t\t<div class=\"elementor-icon-box-icon\">\n\t\t\t\t<span class=\"elementor-icon elementor-animation-\" >\n\t\t\t\t<svg xmlns=\"http:\/\/www.w3.org\/2000\/svg\" xmlns:xlink=\"http:\/\/www.w3.org\/1999\/xlink\" id=\"Capa_1\" x=\"0px\" y=\"0px\" viewBox=\"0 0 480 480\" style=\"enable-background:new 0 0 480 480;\" xml:space=\"preserve\"><path id=\"XMLID_953_\" d=\"M300,470c0,5.523-4.477,10-10,10H190c-5.523,0-10-4.477-10-10s4.477-10,10-10h100 C295.523,460,300,464.477,300,470z M290,230c0,9.981-5.545,18.954-14.473,23.417l-47.639,23.82 c-3.726,1.863-7.731,2.788-11.724,2.788c-4.768,0-9.517-1.319-13.748-3.934c-7.775-4.805-12.417-13.13-12.417-22.27v-47.64 c0-9.14,4.642-17.465,12.417-22.27c7.775-4.805,17.297-5.234,25.472-1.146l47.639,23.82C284.455,211.046,290,220.019,290,230z  M270,230c0-2.356-1.309-4.474-3.416-5.528l-47.64-23.82c-0.986-0.493-1.917-0.671-2.749-0.671c-1.514,0-2.695,0.59-3.264,0.941 c-0.881,0.545-2.931,2.147-2.931,5.257v47.64c0,3.11,2.05,4.712,2.931,5.257c0.881,0.544,3.233,1.662,6.013,0.271l47.639-23.82 C268.691,234.474,270,232.356,270,230z M480,470c0,5.523-4.477,10-10,10H350c-5.523,0-10-4.477-10-10s4.477-10,10-10h20v-90H249.726 v10c0,0.367-0.02,0.734-0.061,1.099C246.583,408.977,223.083,430,195,430h-85v30h20c5.523,0,10,4.477,10,10s-4.477,10-10,10H10 c-5.523,0-10-4.477-10-10s4.477-10,10-10h80v-30H55c-30.327,0-55-24.673-55-55c0-28.643,22.006-52.242,50-54.775V118.571 C50,102.817,63.458,90,80,90h112.604C184.734,80.484,180,68.285,180,55c0-30.327,24.673-55,55-55h100c30.327,0,55,24.673,55,55 l-0.001,0.25c-0.004,1.283,0.496,2.526,1.408,3.442c0.595,0.596,1.624,1.308,3.15,1.308H425c30.327,0,55,24.673,55,55 c0,28.643-22.006,52.242-50,54.775v171.654C430,357.183,416.542,370,400,370h-10v90h80C475.523,460,480,464.477,480,470z M200,55 c0,19.299,15.701,35,35,35h47.571c3.247,0,6.291,1.576,8.165,4.227c1.874,2.65,2.345,6.046,1.263,9.107 C290.672,107.085,290,111.01,290,115c0,19.299,15.701,35,35,35h100c19.299,0,35-15.701,35-35s-15.701-35-35-35h-30.442 c-6.546,0-12.696-2.553-17.316-7.19c-4.693-4.708-7.265-10.99-7.242-17.687L370,55c0-19.299-15.701-35-35-35H235 C215.701,20,200,35.701,200,55z M90,370H80c-16.542,0-30-12.817-30-28.571v-1.073C33.061,342.79,20,357.398,20,375 c0,19.299,15.701,35,35,35h35V370z M229.726,370H110v40h85c17.698,0,32.536-13.113,34.726-30.585V370z M400,350 c5.514,0,10-3.845,10-8.571V170h-85c-30.327,0-55-24.673-55-55c0-1.675,0.076-3.342,0.226-5H80c-5.514,0-10,3.845-10,8.571v222.857 c0,4.726,4.486,8.571,10,8.571h159.726H400z\"><\/path><g><\/g><g><\/g><g><\/g><g><\/g><g><\/g><g><\/g><g><\/g><g><\/g><g><\/g><g><\/g><g><\/g><g><\/g><g><\/g><g><\/g><g><\/g><\/svg>\t\t\t\t<\/span>\n\t\t\t<\/div>\n\t\t\t\t\t\t<div class=\"elementor-icon-box-content\">\n\t\t\t\t<h3 class=\"elementor-icon-box-title\">\n\t\t\t\t\t<span  >\n\t\t\t\t\t\tPAIN\u00c9IS\t\t\t\t\t<\/span>\n\t\t\t\t<\/h3>\n\t\t\t\t\t\t\t\t\t<p class=\"elementor-icon-box-description\">\n\t\t\t\t\t\tPainel digital, empenas, outdoor, front light e triface.\t\t\t\t\t<\/p>\n\t\t\t\t\t\t\t<\/div>\n\t\t<\/div>\n\t\t\t\t<\/div>\n\t\t\t\t<\/div>\n\t\t\t\t\t<\/div>\n\t\t<\/div>\n\t\t\t\t<div class=\"elementor-column elementor-col-33 elementor-top-column elementor-element elementor-element-66742d1\" data-id=\"66742d1\" data-element_type=\"column\" data-settings=\"{&quot;background_background&quot;:&quot;classic&quot;}\">\n\t\t\t<div class=\"elementor-widget-wrap elementor-element-populated\">\n\t\t\t\t\t\t\t\t<div class=\"elementor-element elementor-element-a9daf9e elementor-position-top elementor-view-default elementor-mobile-position-top elementor-vertical-align-top elementor-invisible elementor-widget elementor-widget-icon-box\" data-id=\"a9daf9e\" data-element_type=\"widget\" data-settings=\"{&quot;_animation&quot;:&quot;fadeInRight&quot;}\" data-widget_type=\"icon-box.default\">\n\t\t\t\t<div class=\"elementor-widget-container\">\n\t\t\t\t\t<div class=\"elementor-icon-box-wrapper\">\n\t\t\t\t\t\t<div class=\"elementor-icon-box-icon\">\n\t\t\t\t<span class=\"elementor-icon elementor-animation-\" >\n\t\t\t\t<svg xmlns=\"http:\/\/www.w3.org\/2000\/svg\" height=\"512pt\" viewBox=\"-86 0 512 512\" width=\"512pt\"><path d=\"m308.5 0h-277c-17.367188 0-31.5 14.132812-31.5 31.5v131.5c0 5.523438 4.476562 10 10 10s10-4.476562 10-10v-131.5c0-6.339844 5.160156-11.5 11.5-11.5h277c6.339844 0 11.5 5.160156 11.5 11.5v353c0 6.339844-5.160156 11.5-11.5 11.5h-277c-6.339844 0-11.5-5.160156-11.5-11.5v-131.5c0-5.523438-4.476562-10-10-10s-10 4.476562-10 10v131.5c0 17.367188 14.132812 31.5 31.5 31.5h84.5v36h-35.832031c-16.449219 0-29.835938 13.382812-29.835938 29.832031v20.167969c0 5.523438 4.480469 10 10 10h219.335938c5.519531 0 10-4.476562 10-10v-20.167969c0-16.449219-13.386719-29.832031-29.835938-29.832031h-35.832031v-36h84.5c17.367188 0 31.5-14.132812 31.5-31.5v-353c0-17.367188-14.132812-31.5-31.5-31.5zm-38.832031 481.832031v10.167969h-199.335938v-10.167969c0-5.421875 4.410157-9.832031 9.835938-9.832031h179.664062c5.425781 0 9.835938 4.410156 9.835938 9.832031zm-65.667969-29.832031h-68v-36h68zm0 0\"><\/path><path d=\"m50 376h240c5.523438 0 10-4.476562 10-10v-316c0-5.523438-4.476562-10-10-10h-240c-5.523438 0-10 4.476562-10 10v244.246094.011718 71.742188c0 5.523438 4.476562 10 10 10zm10-77.605469 74.125-74.125 131.734375 131.730469h-205.859375zm220 43.460938-105.113281-105.109375 79.238281-79.238282 25.875 25.875zm0-281.855469v95.097656l-18.804688-18.804687c-1.875-1.875-4.417968-2.929688-7.070312-2.929688s-5.195312 1.054688-7.070312 2.929688l-86.308594 86.3125-19.546875-19.550781c-3.90625-3.902344-10.238281-3.902344-14.144531 0l-67.054688 67.054687v-210.109375zm0 0\"><\/path><path d=\"m126.128906 166c20.949219 0 38-17.046875 38-38s-17.050781-38-38-38c-20.953125 0-38 17.046875-38 38s17.046875 38 38 38zm0-56c9.921875 0 18 8.074219 18 18s-8.078125 18-18 18c-9.925781 0-18-8.074219-18-18s8.074219-18 18-18zm0 0\"><\/path><path d=\"m10 218c2.628906 0 5.210938-1.070312 7.070312-2.929688 1.859376-1.859374 2.929688-4.441406 2.929688-7.070312s-1.070312-5.210938-2.929688-7.070312c-1.859374-1.859376-4.441406-2.929688-7.070312-2.929688s-5.210938 1.070312-7.070312 2.929688c-1.859376 1.859374-2.929688 4.441406-2.929688 7.070312s1.070312 5.210938 2.929688 7.070312c1.859374 1.859376 4.441406 2.929688 7.070312 2.929688zm0 0\"><\/path><\/svg>\t\t\t\t<\/span>\n\t\t\t<\/div>\n\t\t\t\t\t\t<div class=\"elementor-icon-box-content\">\n\t\t\t\t<h3 class=\"elementor-icon-box-title\">\n\t\t\t\t\t<span  >\n\t\t\t\t\t\tMOBILI\u00c1RIO URBANO\t\t\t\t\t<\/span>\n\t\t\t\t<\/h3>\n\t\t\t\t\t\t\t\t\t<p class=\"elementor-icon-box-description\">\n\t\t\t\t\t\tBancas digitais, bancas, rel\u00f3gio, placa de esquina e abrigo de \u00f4nibus.\t\t\t\t\t<\/p>\n\t\t\t\t\t\t\t<\/div>\n\t\t<\/div>\n\t\t\t\t<\/div>\n\t\t\t\t<\/div>\n\t\t\t\t\t<\/div>\n\t\t<\/div>\n\t\t\t\t<div class=\"elementor-column elementor-col-33 elementor-top-column elementor-element elementor-element-ee0f699\" data-id=\"ee0f699\" data-element_type=\"column\" data-settings=\"{&quot;background_background&quot;:&quot;classic&quot;}\">\n\t\t\t<div class=\"elementor-widget-wrap elementor-element-populated\">\n\t\t\t\t\t\t\t\t<div class=\"elementor-element elementor-element-39bab6b elementor-position-top elementor-view-default elementor-mobile-position-top elementor-vertical-align-top elementor-invisible elementor-widget elementor-widget-icon-box\" data-id=\"39bab6b\" data-element_type=\"widget\" data-settings=\"{&quot;_animation&quot;:&quot;fadeInRight&quot;}\" data-widget_type=\"icon-box.default\">\n\t\t\t\t<div class=\"elementor-widget-container\">\n\t\t\t\t\t<div class=\"elementor-icon-box-wrapper\">\n\t\t\t\t\t\t<div class=\"elementor-icon-box-icon\">\n\t\t\t\t<span class=\"elementor-icon elementor-animation-\" >\n\t\t\t\t<svg xmlns=\"http:\/\/www.w3.org\/2000\/svg\" id=\"Capa_1\" height=\"512\" viewBox=\"0 0 512.005 512.005\" width=\"512\"><g><path d=\"m504.502 299.502c4.143 0 7.5-3.357 7.5-7.5v-216.247c0-3.519-1.495-6.893-4.102-9.255-2.498-2.263-5.831-3.413-9.171-3.212h-485.453c-3.359-.203-6.675.949-9.172 3.212-2.606 2.362-4.102 5.736-4.102 9.255v292.971c-.144 7.009 6.287 13.044 13.273 12.467h209.727v16.094l-98.364 10.539c-8.914.954-15.636 8.435-15.636 17.4v6.014c0 9.649 7.851 17.5 17.5 17.5h185.5c4.143 0 7.5-3.357 7.5-7.5s-3.357-7.5-7.5-7.5h-185.5c-1.379 0-2.5-1.121-2.5-2.5v-6.014c0-1.281.96-2.35 2.233-2.486l105.497-11.304c16.437-1.76 33.104-1.76 49.539 0l105.499 11.304c1.272.137 2.232 1.205 2.232 2.486v6.014c0 1.379-1.121 2.5-2.5 2.5h-39.5c-4.143 0-7.5 3.357-7.5 7.5s3.357 7.5 7.5 7.5h39.5c9.649 0 17.5-7.851 17.5-17.5v-6.014c0-8.966-6.722-16.446-15.636-17.4l-98.364-10.539v-16.094h208.727c6.965.586 13.427-5.463 13.273-12.467v-41.724c0-4.143-3.357-7.5-7.5-7.5s-7.5 3.357-7.5 7.5v39.19h-482v-287.904h482v213.714c0 4.142 3.358 7.5 7.5 7.5zm-229.5 96.319c-12.306-.921-24.694-.921-37 0v-14.628h37z\"><\/path><path d=\"m37.502 174.502c-4.143 0-7.5 3.357-7.5 7.5v159.279c0 4.143 3.357 7.5 7.5 7.5h437c4.143 0 7.5-3.357 7.5-7.5v-238.081c0-4.143-3.357-7.5-7.5-7.5h-437c-4.143 0-7.5 3.357-7.5 7.5v43.802c0 4.143 3.357 7.5 7.5 7.5s7.5-3.357 7.5-7.5v-36.302h422v223.081h-422v-151.779c0-4.143-3.357-7.5-7.5-7.5z\"><\/path><\/g><\/svg>\t\t\t\t<\/span>\n\t\t\t<\/div>\n\t\t\t\t\t\t<div class=\"elementor-icon-box-content\">\n\t\t\t\t<h3 class=\"elementor-icon-box-title\">\n\t\t\t\t\t<span  >\n\t\t\t\t\t\tM\u00cdDIA INDOOR\t\t\t\t\t<\/span>\n\t\t\t\t<\/h3>\n\t\t\t\t\t\t\t\t\t<p class=\"elementor-icon-box-description\">\n\t\t\t\t\t\tVideowall, tel\u00f5es e televis\u00f5es de shoppings, galerias e aeroportos.\t\t\t\t\t<\/p>\n\t\t\t\t\t\t\t<\/div>\n\t\t<\/div>\n\t\t\t\t<\/div>\n\t\t\t\t<\/div>\n\t\t\t\t\t<\/div>\n\t\t<\/div>\n\t\t\t\t\t\t\t<\/div>\n\t\t<\/section>\n\t\t\t\t\t\t\t<\/div>\n\t\t","protected":false},"excerpt":{"rendered":"<p>Solu\u00e7\u00e3o em m\u00eddia externa Somos parceiros das maiores exibidoras do Sul do pa\u00eds FA\u00c7A A SUA COTA\u00c7\u00c3O N\u00d3S ESTAMOS ONDE O SEU CLIENTE EST\u00c1 N\u00d3S SOMOS A VOLCAN PAIN\u00c9IS Nosso objetivo \u00e9 levar a marca dos nossos clientes mais longe. Possuimos mais de 20 anos de mercado de m\u00eddia externa e contamos com clientes em [&hellip;]<\/p>\n","protected":false},"author":1,"featured_media":0,"parent":0,"menu_order":0,"comment_status":"closed","ping_status":"closed","template":"","meta":{"_joinchat":[]},"_links":{"self":[{"href":"https:\/\/volcanpaineis.com.br\/index.php?rest_route=\/wp\/v2\/pages\/792"}],"collection":[{"href":"https:\/\/volcanpaineis.com.br\/index.php?rest_route=\/wp\/v2\/pages"}],"about":[{"href":"https:\/\/volcanpaineis.com.br\/index.php?rest_route=\/wp\/v2\/types\/page"}],"author":[{"embeddable":true,"href":"https:\/\/volcanpaineis.com.br\/index.php?rest_route=\/wp\/v2\/users\/1"}],"replies":[{"embeddable":true,"href":"https:\/\/volcanpaineis.com.br\/index.php?rest_route=%2Fwp%2Fv2%2Fcomments&post=792"}],"version-history":[{"count":94,"href":"https:\/\/volcanpaineis.com.br\/index.php?rest_route=\/wp\/v2\/pages\/792\/revisions"}],"predecessor-version":[{"id":1011,"href":"https:\/\/volcanpaineis.com.br\/index.php?rest_route=\/wp\/v2\/pages\/792\/revisions\/1011"}],"wp:attachment":[{"href":"https:\/\/volcanpaineis.com.br\/index.php?rest_route=%2Fwp%2Fv2%2Fmedia&parent=792"}],"curies":[{"name":"wp","href":"https:\/\/api.w.org\/{rel}","templated":true}]}}